{"id":47,"date":"2026-04-12T17:14:54","date_gmt":"2026-04-12T17:14:54","guid":{"rendered":"https:\/\/kowalczykmedia.pl\/?page_id=47"},"modified":"2026-04-14T15:57:58","modified_gmt":"2026-04-14T15:57:58","slug":"penny-grow-about-us","status":"publish","type":"page","link":"https:\/\/kowalczykmedia.pl\/?page_id=47","title":{"rendered":"KowalczykMedia O mnie"},"content":{"rendered":"\t\t<div data-elementor-type=\"wp-page\" data-elementor-id=\"47\" class=\"elementor elementor-47\" data-elementor-post-type=\"page\">\n\t\t\t\t\t\t<section class=\"elementor-section elementor-top-section elementor-element elementor-element-6f56534 elementor-reverse-tablet elementor-reverse-mobile elementor-section-boxed elementor-section-height-default elementor-section-height-default\" data-id=\"6f56534\" data-element_type=\"section\" data-e-type=\"section\" id=\"info_section\" data-settings=\"{&quot;background_background&quot;:&quot;gradient&quot;}\">\n\t\t\t\t\t\t\t<div class=\"elementor-background-overlay\"><\/div>\n\t\t\t\t\t\t\t<div class=\"elementor-container elementor-column-gap-no\">\n\t\t\t\t\t<div class=\"elementor-column elementor-col-100 elementor-top-column elementor-element elementor-element-3a0e1b1\" data-id=\"3a0e1b1\" data-element_type=\"column\" data-e-type=\"column\">\n\t\t\t<div class=\"elementor-widget-wrap elementor-element-populated\">\n\t\t\t\t\t\t<div class=\"elementor-element elementor-element-b3543fc elementor-widget elementor-widget-heading\" data-id=\"b3543fc\" data-element_type=\"widget\" data-e-type=\"widget\" data-widget_type=\"heading.default\">\n\t\t\t\t\t<h1 class=\"elementor-heading-title elementor-size-default\">O mnie<\/h1>\t\t\t\t<\/div>\n\t\t\t\t<div class=\"elementor-element elementor-element-9cbbf62 elementor-widget elementor-widget-heading\" data-id=\"9cbbf62\" data-element_type=\"widget\" data-e-type=\"widget\" data-widget_type=\"heading.default\">\n\t\t\t\t\t<p class=\"elementor-heading-title elementor-size-default\">Tworzymy strony internetowe i prowadzimy kampanie Meta Ads, kt\u00f3re realnie nap\u0119dzaj\u0105 Tw\u00f3j biznes \u2013 pomagamy Ci dotrze\u0107 do klient\u00f3w, partner\u00f3w i inwestor\u00f3w dok\u0142adnie tam, gdzie ich szukasz.<\/p>\t\t\t\t<\/div>\n\t\t\t\t<div class=\"elementor-element elementor-element-16dfe67 elementor-tablet-align-center elementor-align-center elementor-widget elementor-widget-button\" data-id=\"16dfe67\" data-element_type=\"widget\" data-e-type=\"widget\" data-widget_type=\"button.default\">\n\t\t\t\t\t\t\t\t\t\t<a class=\"elementor-button elementor-button-link elementor-size-md elementor-animation-shrink\" href=\"#home\" home=\"\">\n\t\t\t\t\t\t<span class=\"elementor-button-content-wrapper\">\n\t\t\t\t\t\t\t\t\t<span class=\"elementor-button-text\">Strona g\u0142\u00f3wna<\/span>\n\t\t\t\t\t<\/span>\n\t\t\t\t\t<\/a>\n\t\t\t\t\t\t\t\t<\/div>\n\t\t\t\t\t<\/div>\n\t\t<\/div>\n\t\t\t\t\t<\/div>\n\t\t<\/section>\n\t\t\t\t<section class=\"elementor-section elementor-top-section elementor-element elementor-element-42b87fe elementor-section-content-middle elementor-section-boxed elementor-section-height-default elementor-section-height-default\" data-id=\"42b87fe\" data-element_type=\"section\" data-e-type=\"section\">\n\t\t\t\t\t\t<div class=\"elementor-container elementor-column-gap-no\">\n\t\t\t\t\t<div class=\"elementor-column elementor-col-50 elementor-top-column elementor-element elementor-element-6a8ad54\" data-id=\"6a8ad54\" data-element_type=\"column\" data-e-type=\"column\">\n\t\t\t<div class=\"elementor-widget-wrap elementor-element-populated\">\n\t\t\t\t\t\t<div class=\"elementor-element elementor-element-cc3d5d3 elementor-widget elementor-widget-heading\" data-id=\"cc3d5d3\" data-element_type=\"widget\" data-e-type=\"widget\" data-widget_type=\"heading.default\">\n\t\t\t\t\t<h2 class=\"elementor-heading-title elementor-size-default\">Witamy w kowalczykMedia!<\/h2>\t\t\t\t<\/div>\n\t\t\t\t<div class=\"elementor-element elementor-element-756f7f1 elementor-widget elementor-widget-heading\" data-id=\"756f7f1\" data-element_type=\"widget\" data-e-type=\"widget\" data-widget_type=\"heading.default\">\n\t\t\t\t\t<p class=\"elementor-heading-title elementor-size-default\">Hej, jestem Piotrek i zajmuj\u0119 si\u0119 projektowaniem stron internetowych, kt\u00f3re dzia\u0142aj\u0105. Moja misja to pomaga\u0107 ma\u0142ym i \u015brednim firmom wyr\u00f3\u017cnia\u0107 si\u0119 w sieci dzi\u0119ki witrynom, kt\u00f3re \u0142\u0105cz\u0105 estetyk\u0119 z funkcjonalno\u015bci\u0105. Wiem, \u017ce dobra strona to co\u015b wi\u0119cej ni\u017c tylko \u0142adny wygl\u0105d\n\u2013 to narz\u0119dzie, kt\u00f3re ma dzia\u0142a\u0107 na rzecz Twojego biznesu: przyci\u0105ga\u0107 klient\u00f3w, budowa\u0107 zaufanie i generowa\u0107 zyski.\n\nStawiam na prostot\u0119 i skuteczno\u015b\u0107. Zanim zaczn\u0119 projekt, chc\u0119 zrozumie\u0107 Tw\u00f3j biznes, potrzeby Twoich klient\u00f3w i cele, kt\u00f3re chcesz osi\u0105gn\u0105\u0107. Wsp\u00f3\u0142praca ze mn\u0105 to jasny proces, konkretne dzia\u0142ania i wsparcie na ka\u017cdym kroku. Tworz\u0119 strony, kt\u00f3re nie tylko wygl\u0105daj\u0105 dobrze, ale przede wszystkim przynosz\u0105 rezultaty.\n\nWierz\u0119, \u017ce technologia powinna u\u0142atwia\u0107 \u017cycie, a nie je komplikowa\u0107 \u2013 dlatego projektuj\u0119 strony intuicyjne\ni przyjazne w obs\u0142udze, zar\u00f3wno dla Ciebie, jak i Twoich klient\u00f3w. Gotowy, by zacz\u0105\u0107? Porozmawiajmy<\/p>\t\t\t\t<\/div>\n\t\t\t\t\t<\/div>\n\t\t<\/div>\n\t\t\t\t<div class=\"elementor-column elementor-col-50 elementor-top-column elementor-element elementor-element-a7b4b68\" data-id=\"a7b4b68\" data-element_type=\"column\" data-e-type=\"column\">\n\t\t\t<div class=\"elementor-widget-wrap elementor-element-populated\">\n\t\t\t\t\t\t\t\t\t\n\t\t<img class=\"e-image-base \" \n\t\t\t\t\tdata-interaction-id=\"1914a1d\" \n\t\t \n\t\t \n\t\t\t\t\t\t\t\t\tid=\"122\"\n\t\t\t\t\t\t\t\t\t\t\t\tsrc=\"https:\/\/kowalczykmedia.pl\/wp-content\/uploads\/2026\/04\/zdjecie-piotrek.png\"\n\t\t\t\t\t\t\t\t\t\t\t\twidth=\"903\"\n\t\t\t\t\t\t\t\t\t\t\t\theight=\"909\"\n\t\t\t\t\t\t\t\t\t\t\t\tsrcset=\"https:\/\/kowalczykmedia.pl\/wp-content\/uploads\/2026\/04\/zdjecie-piotrek.png 903w, https:\/\/kowalczykmedia.pl\/wp-content\/uploads\/2026\/04\/zdjecie-piotrek-298x300.png 298w, https:\/\/kowalczykmedia.pl\/wp-content\/uploads\/2026\/04\/zdjecie-piotrek-150x150.png 150w, https:\/\/kowalczykmedia.pl\/wp-content\/uploads\/2026\/04\/zdjecie-piotrek-768x773.png 768w, https:\/\/kowalczykmedia.pl\/wp-content\/uploads\/2026\/04\/zdjecie-piotrek-100x100.png 100w, https:\/\/kowalczykmedia.pl\/wp-content\/uploads\/2026\/04\/zdjecie-piotrek-200x200.png 200w\"\n\t\t\t\t\t\t\t\t\t\t\t\talt=\"\"\n\t\t\t\t\t\t\/>\n\t\t\t\t\t\t<\/div>\n\t\t<\/div>\n\t\t\t\t\t<\/div>\n\t\t<\/section>\n\t\t\t\t<\/div>\n\t\t","protected":false},"excerpt":{"rendered":"<p>O mnie Tworzymy strony internetowe i prowadzimy kampanie Meta Ads, kt\u00f3re realnie nap\u0119dzaj\u0105 Tw\u00f3j biznes \u2013 pomagamy Ci dotrze\u0107 do klient\u00f3w, partner\u00f3w i inwestor\u00f3w dok\u0142adnie tam, gdzie ich szukasz. Strona g\u0142\u00f3wna Witamy w kowalczykMedia! Hej, jestem Piotrek i zajmuj\u0119 si\u0119 projektowaniem stron internetowych, kt\u00f3re dzia\u0142aj\u0105. Moja misja to pomaga\u0107 ma\u0142ym i \u015brednim firmom wyr\u00f3\u017cnia\u0107 si\u0119 [&hellip;]<\/p>\n","protected":false},"author":1,"featured_media":0,"parent":0,"menu_order":0,"comment_status":"closed","ping_status":"closed","template":"elementor_header_footer","meta":{"footnotes":""},"class_list":["post-47","page","type-page","status-publish","hentry"],"_links":{"self":[{"href":"https:\/\/kowalczykmedia.pl\/index.php?rest_route=\/wp\/v2\/pages\/47","targetHints":{"allow":["GET"]}}],"collection":[{"href":"https:\/\/kowalczykmedia.pl\/index.php?rest_route=\/wp\/v2\/pages"}],"about":[{"href":"https:\/\/kowalczykmedia.pl\/index.php?rest_route=\/wp\/v2\/types\/page"}],"author":[{"embeddable":true,"href":"https:\/\/kowalczykmedia.pl\/index.php?rest_route=\/wp\/v2\/users\/1"}],"replies":[{"embeddable":true,"href":"https:\/\/kowalczykmedia.pl\/index.php?rest_route=%2Fwp%2Fv2%2Fcomments&post=47"}],"version-history":[{"count":8,"href":"https:\/\/kowalczykmedia.pl\/index.php?rest_route=\/wp\/v2\/pages\/47\/revisions"}],"predecessor-version":[{"id":176,"href":"https:\/\/kowalczykmedia.pl\/index.php?rest_route=\/wp\/v2\/pages\/47\/revisions\/176"}],"wp:attachment":[{"href":"https:\/\/kowalczykmedia.pl\/index.php?rest_route=%2Fwp%2Fv2%2Fmedia&parent=47"}],"curies":[{"name":"wp","href":"https:\/\/api.w.org\/{rel}","templated":true}]}}